{"id":1125,"date":"2015-05-08T13:22:48","date_gmt":"2015-05-08T13:22:48","guid":{"rendered":"http:\/\/quanticalabs.com\/wptest\/carservice\/?page_id=4"},"modified":"2021-06-14T01:47:04","modified_gmt":"2021-06-14T01:47:04","slug":"home","status":"publish","type":"page","link":"https:\/\/www.ugurteknikturgutlu.com\/","title":{"rendered":"Ana Sayfa"},"content":{"rendered":"<p>[vc_row type=&#8221;full-width&#8221;][vc_column][rev_slider_vc alias=&#8221;slider1&#8243;][\/vc_column][\/vc_row][vc_row top_margin=&#8221;page-margin-top-section&#8221;][vc_column]<h2 class=\" box-header\">UGUR TEKN\u0130K<\/h2>[vc_column_text el_class=&#8221;description align-center&#8221;]BEYAZ ESYA KL\u0130MA TV KOMB\u0130 \u00d6ZEL SERV\u0130S\u0130[\/vc_column_text][\/vc_column][\/vc_row][vc_row type=&#8221;full-width&#8221; top_margin=&#8221;page-margin-top-section&#8221;][vc_column]<ul class=\"galleries-list clearfix\"><li><a href=\"https:\/\/www.ugurteknikturgutlu.com\/?ql_galleries=lube-services\" title=\"Klima montaj\u0131 bak\u0131m ve temizlik islemi\"><img width=\"480\" height=\"320\" src=\"https:\/\/www.ugurteknikturgutlu.com\/wp-content\/uploads\/2015\/08\/01d9089d-3d8c-4b85-b893-878cda562866-480x320.jpg\" class=\"attachment-big-thumb size-big-thumb wp-post-image\" alt=\"Klima montaj\u0131 bak\u0131m ve temizlik islemi\" loading=\"lazy\" title=\"\" srcset=\"https:\/\/www.ugurteknikturgutlu.com\/wp-content\/uploads\/2015\/08\/01d9089d-3d8c-4b85-b893-878cda562866-480x320.jpg 480w, https:\/\/www.ugurteknikturgutlu.com\/wp-content\/uploads\/2015\/08\/01d9089d-3d8c-4b85-b893-878cda562866-870x580.jpg 870w, https:\/\/www.ugurteknikturgutlu.com\/wp-content\/uploads\/2015\/08\/01d9089d-3d8c-4b85-b893-878cda562866-570x380.jpg 570w, https:\/\/www.ugurteknikturgutlu.com\/wp-content\/uploads\/2015\/08\/01d9089d-3d8c-4b85-b893-878cda562866-390x260.jpg 390w, https:\/\/www.ugurteknikturgutlu.com\/wp-content\/uploads\/2015\/08\/01d9089d-3d8c-4b85-b893-878cda562866-270x180.jpg 270w\" sizes=\"(max-width: 480px) 100vw, 480px\" \/>\r\n\t\t\t<\/a><div class=\"view align-center\">\r\n\t\t\t\t\t<div class=\"vertical-align-table\">\r\n\t\t\t\t\t\t<div class=\"vertical-align-cell\"><p class=\"description\">Klima montaj\u0131 bak\u0131m ve temizlik islemi<\/p><a class=\"more simple\" href=\"https:\/\/www.ugurteknikturgutlu.com\/?ql_galleries=lube-services\" title=\"DEVAMI\">DEVAMI<\/a><\/div>\r\n\t\t\t\t\t<\/div>\r\n\t\t\t\t<\/div><li><a href=\"https:\/\/www.ugurteknikturgutlu.com\/?ql_galleries=brake-repair\" title=\"Televizyon tamiri ve Canak montaj\u0131\"><img width=\"480\" height=\"320\" src=\"https:\/\/www.ugurteknikturgutlu.com\/wp-content\/uploads\/2015\/08\/38d2d2d8-6a99-4dfd-adbc-21a2be32ba7a-480x320.jpg\" class=\"attachment-big-thumb size-big-thumb wp-post-image\" alt=\"Televizyon tamiri ve Canak montaj\u0131\" loading=\"lazy\" title=\"\" srcset=\"https:\/\/www.ugurteknikturgutlu.com\/wp-content\/uploads\/2015\/08\/38d2d2d8-6a99-4dfd-adbc-21a2be32ba7a-480x320.jpg 480w, https:\/\/www.ugurteknikturgutlu.com\/wp-content\/uploads\/2015\/08\/38d2d2d8-6a99-4dfd-adbc-21a2be32ba7a-870x580.jpg 870w, https:\/\/www.ugurteknikturgutlu.com\/wp-content\/uploads\/2015\/08\/38d2d2d8-6a99-4dfd-adbc-21a2be32ba7a-570x380.jpg 570w, https:\/\/www.ugurteknikturgutlu.com\/wp-content\/uploads\/2015\/08\/38d2d2d8-6a99-4dfd-adbc-21a2be32ba7a-390x260.jpg 390w, https:\/\/www.ugurteknikturgutlu.com\/wp-content\/uploads\/2015\/08\/38d2d2d8-6a99-4dfd-adbc-21a2be32ba7a-270x180.jpg 270w\" sizes=\"(max-width: 480px) 100vw, 480px\" \/>\r\n\t\t\t<\/a><div class=\"view align-center\">\r\n\t\t\t\t\t<div class=\"vertical-align-table\">\r\n\t\t\t\t\t\t<div class=\"vertical-align-cell\"><p class=\"description\">Televizyon tamiri ve Canak montaj\u0131<\/p><a class=\"more simple\" href=\"https:\/\/www.ugurteknikturgutlu.com\/?ql_galleries=brake-repair\" title=\"DEVAMI\">DEVAMI<\/a><\/div>\r\n\t\t\t\t\t<\/div>\r\n\t\t\t\t<\/div><li><a href=\"https:\/\/www.ugurteknikturgutlu.com\/?ql_galleries=tire-change\" title=\"Beyaz esya tamiri\"><img width=\"480\" height=\"320\" src=\"https:\/\/www.ugurteknikturgutlu.com\/wp-content\/uploads\/2015\/08\/6f62efca-6279-4843-aa27-637021da3499-480x320.jpg\" class=\"attachment-big-thumb size-big-thumb wp-post-image\" alt=\"Beyaz esya tamiri\" loading=\"lazy\" title=\"\" srcset=\"https:\/\/www.ugurteknikturgutlu.com\/wp-content\/uploads\/2015\/08\/6f62efca-6279-4843-aa27-637021da3499-480x320.jpg 480w, https:\/\/www.ugurteknikturgutlu.com\/wp-content\/uploads\/2015\/08\/6f62efca-6279-4843-aa27-637021da3499-870x580.jpg 870w, https:\/\/www.ugurteknikturgutlu.com\/wp-content\/uploads\/2015\/08\/6f62efca-6279-4843-aa27-637021da3499-570x380.jpg 570w, https:\/\/www.ugurteknikturgutlu.com\/wp-content\/uploads\/2015\/08\/6f62efca-6279-4843-aa27-637021da3499-390x260.jpg 390w, https:\/\/www.ugurteknikturgutlu.com\/wp-content\/uploads\/2015\/08\/6f62efca-6279-4843-aa27-637021da3499-270x180.jpg 270w\" sizes=\"(max-width: 480px) 100vw, 480px\" \/>\r\n\t\t\t<\/a><div class=\"view align-center\">\r\n\t\t\t\t\t<div class=\"vertical-align-table\">\r\n\t\t\t\t\t\t<div class=\"vertical-align-cell\"><p class=\"description\">Beyaz esya tamiri<\/p><a class=\"more simple\" href=\"https:\/\/www.ugurteknikturgutlu.com\/?ql_galleries=tire-change\" title=\"DEVAMI\">DEVAMI<\/a><\/div>\r\n\t\t\t\t\t<\/div>\r\n\t\t\t\t<\/div><li><a href=\"https:\/\/www.ugurteknikturgutlu.com\/?ql_galleries=oil-change\" title=\"Kombi bak\u0131m\u0131 ve Petek temizligi\"><img width=\"480\" height=\"301\" src=\"https:\/\/www.ugurteknikturgutlu.com\/wp-content\/uploads\/2015\/08\/0474719_0-480x301.jpeg\" class=\"attachment-big-thumb size-big-thumb wp-post-image\" alt=\"Kombi bak\u0131m\u0131 ve Petek temizligi\" loading=\"lazy\" title=\"\" \/>\r\n\t\t\t<\/a><div class=\"view align-center\">\r\n\t\t\t\t\t<div class=\"vertical-align-table\">\r\n\t\t\t\t\t\t<div class=\"vertical-align-cell\"><p class=\"description\">Kombi bak\u0131m\u0131 ve Petek temizligi<\/p><a class=\"more simple\" href=\"https:\/\/www.ugurteknikturgutlu.com\/?ql_galleries=oil-change\" title=\"DEVAMI\">DEVAMI<\/a><\/div>\r\n\t\t\t\t\t<\/div>\r\n\t\t\t\t<\/div><\/ul>[\/vc_column][\/vc_row][vc_row type=&#8221;full-width&#8221; css=&#8221;.vc_custom_1439892689981{background-color: #f5f5f5 !important;}&#8221;][vc_column]<div class=\"announcement clearfix\">\r\n\t\t\t\t\t<div class=\"vc_row wpb_row vc_row-fluid\">\r\n\t\t\t\t\t\t<div class=\"vc_col-sm-8 wpb_column vc_column_container\">\r\n\t\t\t\t\t\t\t<div class=\"vertical-align\">\r\n\t\t\t\t\t\t\t\t<div class=\"vertical-align-cell\">\r\n\t\t\t\t\t\t\t\t\t<h3>Beyaz E\u015fya, Klima Bak\u0131m ve Onar\u0131m Servisi<\/h3>\r\n\t\t\t\t\t\t\t\t<\/div>\r\n\t\t\t\t\t\t\t<\/div>\r\n\t\t\t\t\t\t<\/div><div class=\"vc_col-sm-4 wpb_column vc_column_container\">\r\n\t\t\t\t\t\t<div class=\"vertical-align\">\r\n\t\t\t\t\t\t\t<div class=\"vertical-align-cell\">\r\n\t\t\t\t\t\t\t\t<a title=\"SERV\u0130SEM\u0130 \u0130HT\u0130YACINIZ VAR\" href=\"https:\/\/wa.me\/905345059393\" class=\"more\"><span>SERV\u0130SEM\u0130 \u0130HT\u0130YACINIZ VAR<\/span><\/a>\r\n\t\t\t\t\t\t\t<\/div>\r\n\t\t\t\t\t\t<\/div>\r\n\t\t\t\t\t<\/div><\/div>\r\n\t\t\t<\/div>[\/vc_column][\/vc_row][vc_row top_margin=&#8221;page-margin-top-section&#8221;][vc_column]<h2 class=\" box-header\">UGUR TEKN\u0130K<\/h2>[vc_column_text el_class=&#8221;description align-center&#8221;]UGUR TEKN\u0130K olarak evinizdeki b\u00fct\u00fcn beyaz esya klima kombi petek temizligi televizyon vb elektronik esyalar\u0131n\u0131za m\u00fcdahale etmekten mutluluk duyar\u0131z[\/vc_column_text][vc_row_inner top_margin=&#8221;page-margin-top&#8221;][vc_column_inner width=&#8221;1\/2&#8243;]<div class=\"feature-item feature-item-big\"><div class=\"hexagon\"><div class=\"sl-small-user-chat\"><\/div><\/div><h4 class=\"box-header\">YETK\u0130L\u0130 PERSONEL<\/h4><p>TEL NO: 0534 505 9393<\/p><\/div>[\/vc_column_inner][vc_column_inner width=&#8221;1\/2&#8243;]<div class=\"feature-item feature-item-big\"><div class=\"hexagon\"><div class=\"sl-small-user-chat\"><\/div><\/div><h4 class=\"box-header\">ADRES<\/h4><p>Altay Mahallesi T\u0131naztepe Sokak No 20\/c<\/p><\/div>[\/vc_column_inner][\/vc_row_inner][\/vc_column][\/vc_row][vc_row type=&#8221;full-width&#8221; top_margin=&#8221;page-margin-top-section&#8221; el_class=&#8221;flex-box&#8221; css=&#8221;.vc_custom_1441196365110{background-color: #f5f5f5 !important;}&#8221;][vc_column el_class=&#8221;padding-left-right-100 padding-bottom-66&#8243;]<h2 class=\" box-header page-margin-top-section\">V\u0130ZYONUMUZ<\/h2>[vc_column_text el_class=&#8221;description align-center&#8221;]Uygun Fiyat Hakkaniyet \u00d6l\u00e7\u00fcs\u00fcnde Sizlere Hizmet Vermekten Mutluluk Duyar\u0131z[\/vc_column_text][vc_row_inner css=&#8221;.vc_custom_1604263031753{margin-top: 30px !important;}&#8221;][vc_column_inner width=&#8221;1\/2&#8243;]<ul class=\"list\"><li class=\"template-bullet \"><span>CAMASIR MAK\u0130NES\u0130 TAM\u0130R\u0130<\/span><\/li><li class=\"template-bullet \"><span>BUZDOLABI TAM\u0130R\u0130<\/span><\/li><li class=\"template-bullet \"><span>KL\u0130MA MONTAJ VE BAKIM<\/span><\/li><li class=\"template-bullet \"><span>TELEV\u0130ZYON TAM\u0130R\u0130<\/span><\/li><li class=\"template-bullet \"><span>MERKEZ\u0130 S\u0130STEM VE CANAK MONTAJI<\/span><\/li><\/ul>[\/vc_column_inner][vc_column_inner width=&#8221;1\/2&#8243;]<ul class=\"list\"><li class=\"template-bullet \"><span>KOMB\u0130 TAM\u0130R\u0130 VE BAKIMI<\/span><\/li><li class=\"template-bullet \"><span>Mercury<\/span><\/li><li class=\"template-bullet \"><span>PETEK TEM\u0130ZL\u0130G\u0130<\/span><\/li><li class=\"template-bullet \"><span>SUPURGE TAM\u0130R\u0130<\/span><\/li><li class=\"template-bullet \"><span>RGB LED MONTAJI<\/span><\/li><\/ul>[\/vc_column_inner][\/vc_row_inner][\/vc_column][\/vc_row][vc_row type=&#8221;full-width&#8221; el_class=&#8221;align-center margin-top-40 padding-bottom-87&#8243;][vc_column]<a class=\"more\" href=\"https:\/\/wa.me\/905345059393\" title=\"\u00d6ZEL SEV\u0130S\"><span>\u00d6ZEL SEV\u0130S<\/span><\/a>[\/vc_column][\/vc_row]<\/p>\n","protected":false},"excerpt":{"rendered":"<p>[vc_row type=&#8221;full-width&#8221;][vc_column][rev_slider_vc alias=&#8221;slider1&#8243;][\/vc_column][\/vc_row][vc_row top_margin=&#8221;page-margin-top-section&#8221;][vc_column][vc_column_text el_class=&#8221;description align-center&#8221;]BEYAZ ESYA KL\u0130MA TV KOMB\u0130 \u00d6ZEL SERV\u0130S\u0130[\/vc_column_text][\/vc_column][\/vc_row][vc_row type=&#8221;full-width&#8221; top_margin=&#8221;page-margin-top-section&#8221;][vc_column][\/vc_column][\/vc_row][vc_row type=&#8221;full-width&#8221; css=&#8221;.vc_custom_1439892689981{background-color: #f5f5f5 !important;}&#8221;][vc_column][\/vc_column][\/vc_row][vc_row top_margin=&#8221;page-margin-top-section&#8221;][vc_column][vc_column_text el_class=&#8221;description align-center&#8221;]UGUR TEKN\u0130K olarak evinizdeki b\u00fct\u00fcn beyaz esya klima kombi petek temizligi televizyon vb elektronik esyalar\u0131n\u0131za m\u00fcdahale etmekten mutluluk duyar\u0131z[\/vc_column_text][vc_row_inner top_margin=&#8221;page-margin-top&#8221;][vc_column_inner width=&#8221;1\/2&#8243;][\/vc_column_inner][vc_column_inner width=&#8221;1\/2&#8243;][\/vc_column_inner][\/vc_row_inner][\/vc_column][\/vc_row][vc_row type=&#8221;full-width&#8221; top_margin=&#8221;page-margin-top-section&#8221; el_class=&#8221;flex-box&#8221; css=&#8221;.vc_custom_1441196365110{background-color: #f5f5f5 !important;}&#8221;][vc_column el_class=&#8221;padding-left-right-100 padding-bottom-66&#8243;][vc_column_text el_class=&#8221;description align-center&#8221;]Uygun Fiyat Hakkaniyet \u00d6l\u00e7\u00fcs\u00fcnde<\/p>\n","protected":false},"author":1,"featured_media":0,"parent":0,"menu_order":0,"comment_status":"open","ping_status":"open","template":"template-default-without-breadcrumbs.php","meta":[],"_links":{"self":[{"href":"https:\/\/www.ugurteknikturgutlu.com\/index.php?rest_route=\/wp\/v2\/pages\/1125"}],"collection":[{"href":"https:\/\/www.ugurteknikturgutlu.com\/index.php?rest_route=\/wp\/v2\/pages"}],"about":[{"href":"https:\/\/www.ugurteknikturgutlu.com\/index.php?rest_route=\/wp\/v2\/types\/page"}],"author":[{"embeddable":true,"href":"https:\/\/www.ugurteknikturgutlu.com\/index.php?rest_route=\/wp\/v2\/users\/1"}],"replies":[{"embeddable":true,"href":"https:\/\/www.ugurteknikturgutlu.com\/index.php?rest_route=%2Fwp%2Fv2%2Fcomments&post=1125"}],"version-history":[{"count":29,"href":"https:\/\/www.ugurteknikturgutlu.com\/index.php?rest_route=\/wp\/v2\/pages\/1125\/revisions"}],"predecessor-version":[{"id":1749,"href":"https:\/\/www.ugurteknikturgutlu.com\/index.php?rest_route=\/wp\/v2\/pages\/1125\/revisions\/1749"}],"wp:attachment":[{"href":"https:\/\/www.ugurteknikturgutlu.com\/index.php?rest_route=%2Fwp%2Fv2%2Fmedia&parent=1125"}],"curies":[{"name":"wp","href":"https:\/\/api.w.org\/{rel}","templated":true}]}}